{"id":145,"date":"2011-01-22T14:34:04","date_gmt":"2011-01-22T13:34:04","guid":{"rendered":"http:\/\/www.kay-meyer-kolumbe.de\/wordpress\/?page_id=145"},"modified":"2011-01-28T15:39:21","modified_gmt":"2011-01-28T14:39:21","slug":"impressum","status":"publish","type":"page","link":"http:\/\/www.kay-meyer-kolumbe.de\/wordpress\/?page_id=145","title":{"rendered":"Impressum"},"content":{"rendered":"<p style=\"margin-top: 20px;\">Redaktion: \u00a9 Kay-Daniel Meyer-Kolumbe<br \/>\nBildmaterial: \u00a9 Kay-Daniel Meyer-Kolumbe<\/p>\n<p><a style=\"color: #666!important; font-weight: normal!important;\" href=\"http:\/\/www.wordpres.org\" target=\"_blank\">WORDPRESS.org<\/a> :: <a style=\"color: #666!important; font-weight: normal!important;\" href=\"http:\/\/www.allancole.com\/wordpress\" target=\"_blank\">AutoFocus by Allan Cole<\/a><br \/>\nWebdesign: <a href=\"http:\/\/www,case4u.de\" target=\"_blank\" style=\"color: #666!important; font-weight: normal!important;\" >Alice Isabella Knoll<\/a><\/p>\n<h2>Copyright<\/h2>\n<p>Alle hier ver\u00f6ffentlichten Bilder stehen unter einem Copyright und sind somit nicht ohne Zustimmung zur weiteren Nutzung oder Kopie freigegeben.<\/p>\n<h2>Haftungshinweis<\/h2>\n<p>Trotz sorgf\u00e4ltiger inhaltlicher Kontrolle \u00fcbernehmen wir keine Haftung f\u00fcr die Inhalte externer Links. F\u00fcr den Inhalt der verlinkten Seiten sind ausschlie\u00dflich deren Betreiber verantwortlich.<\/p>\n","protected":false},"excerpt":{"rendered":"<p>Redaktion: \u00a9 Kay-Daniel Meyer-Kolumbe Bildmaterial: \u00a9 Kay-Daniel Meyer-Kolumbe WORDPRESS.org :: AutoFocus by Allan Cole Webdesign: Alice Isabella Knoll Copyright Alle hier ver\u00f6ffentlichten Bilder stehen unter [&hellip;]<\/p>\n","protected":false},"author":1,"featured_media":0,"parent":0,"menu_order":0,"comment_status":"closed","ping_status":"closed","template":"","meta":{"footnotes":""},"class_list":["post-145","page","type-page","status-publish","hentry"],"_links":{"self":[{"href":"http:\/\/www.kay-meyer-kolumbe.de\/wordpress\/index.php?rest_route=\/wp\/v2\/pages\/145","targetHints":{"allow":["GET"]}}],"collection":[{"href":"http:\/\/www.kay-meyer-kolumbe.de\/wordpress\/index.php?rest_route=\/wp\/v2\/pages"}],"about":[{"href":"http:\/\/www.kay-meyer-kolumbe.de\/wordpress\/index.php?rest_route=\/wp\/v2\/types\/page"}],"author":[{"embeddable":true,"href":"http:\/\/www.kay-meyer-kolumbe.de\/wordpress\/index.php?rest_route=\/wp\/v2\/users\/1"}],"replies":[{"embeddable":true,"href":"http:\/\/www.kay-meyer-kolumbe.de\/wordpress\/index.php?rest_route=%2Fwp%2Fv2%2Fcomments&post=145"}],"version-history":[{"count":13,"href":"http:\/\/www.kay-meyer-kolumbe.de\/wordpress\/index.php?rest_route=\/wp\/v2\/pages\/145\/revisions"}],"predecessor-version":[{"id":314,"href":"http:\/\/www.kay-meyer-kolumbe.de\/wordpress\/index.php?rest_route=\/wp\/v2\/pages\/145\/revisions\/314"}],"wp:attachment":[{"href":"http:\/\/www.kay-meyer-kolumbe.de\/wordpress\/index.php?rest_route=%2Fwp%2Fv2%2Fmedia&parent=145"}],"curies":[{"name":"wp","href":"https:\/\/api.w.org\/{rel}","templated":true}]}}